	{"id":1990,"date":"2023-02-17T05:39:17","date_gmt":"2023-02-17T04:39:17","guid":{"rendered":"https:\/\/themecrafter.com\/doctent\/?page_id=1990"},"modified":"2023-08-12T18:07:33","modified_gmt":"2023-08-12T16:07:33","slug":"%d0%ba%d0%be%d0%bd%d1%82%d0%b0%d0%ba%d1%82%d0%b8","status":"publish","type":"page","link":"https:\/\/majdent.sk\/uk\/%d0%ba%d0%be%d0%bd%d1%82%d0%b0%d0%ba%d1%82%d0%b8\/","title":{"rendered":"\u041a\u043e\u043d\u0442\u0430\u043a\u0442\u0438"},"content":{"rendered":"<div data-elementor-type=\"wp-page\" data-elementor-id=\"1990\" class=\"elementor elementor-1990\">\n\t\t\t\t\t\t\t\t\t<section class=\"elementor-section elementor-top-section elementor-element elementor-element-6290c2cf elementor-section-boxed elementor-section-height-default elementor-section-height-default tcr-bg-color-transparent\" data-id=\"6290c2cf\" data-element_type=\"section\">\n\t\t\t\t\t\t<div class=\"elementor-container elementor-column-gap-default\">\n\t\t\t\t\t<div class=\"elementor-column elementor-col-50 elementor-top-column elementor-element elementor-element-5302e650 tcr-bg-color-transparent\" data-id=\"5302e650\" data-element_type=\"column\">\n\t\t\t<div class=\"elementor-widget-wrap elementor-element-populated\">\n\t\t\t\t\t\t\t\t<div class=\"elementor-element elementor-element-684c0d29 elementor-widget elementor-widget-tcr-custom-heading\" data-id=\"684c0d29\" data-element_type=\"widget\" data-widget_type=\"tcr-custom-heading.default\">\n\t\t\t\t<div class=\"elementor-widget-container\">\n\t\t\t\t\t<div class=\"tcr_custom_heading_wrapper tcr-custom-heading1920427686 custom-heading-style-1 heading-alignment-left\">\r\n\t\t\t<div class=\"tcr-custom-heading-wrapper\">\r\n\t\t\t<div class=\"tcr-heading-title-wrapper\">\r\n\t\t\t<h3 class=\"heading-title title-text-default\">\r\n\t\t\t\t\u0417\u0432&#039;\u044f\u0437\u0430\u0442\u0438\u0441\u044f \u0437 \u043d\u0430\u043c\u0438\t\t\t<\/h3>\r\n\t\t<\/div>\r\n\t\t<\/div>\r\n\t\t<\/div>\r\n\t\t\t\t<\/div>\n\t\t\t\t<\/div>\n\t\t\t\t<div class=\"elementor-element elementor-element-4425cc5a elementor-widget elementor-widget-tcr-infobox\" data-id=\"4425cc5a\" data-element_type=\"widget\" data-widget_type=\"tcr-infobox.default\">\n\t\t\t\t<div class=\"elementor-widget-container\">\n\t\t\t\t\t<div class=\"tcr-elementor-widgettcr_infobox_wrapper infobox-style-4 tcr-infobox1668645177 icon-type-font\">\r\n\t\t\t<div class=\"tcr-infobox-wrapper\">\r\n\t\t\t\t<div class=\"tcr-infobox-icon\"><i aria-hidden=\"true\" class=\"flaticon flaticon-phone-call\"><\/i><\/div>\r\n\t\t\t\t<div class=\"tcr-infobox-content\">\r\n\t\t\t\t\t<h5 class=\"tcr-infobox-title\">\u041d\u043e\u043c\u0435\u0440 \u0442\u0435\u043b\u0435\u0444\u043e\u043d\u0443<\/h5>\r\n\t\t\t\t\t\t<div class=\"tcr-infobox-text\">+421 948 166 778<\/div>\r\n\t\t\t\t<\/div>\r\n<\/div>\r\n\t\t<\/div>\r\n\t\t\t\t<\/div>\n\t\t\t\t<\/div>\n\t\t\t\t<div class=\"elementor-element elementor-element-526096f elementor-widget elementor-widget-tcr-infobox\" data-id=\"526096f\" data-element_type=\"widget\" data-widget_type=\"tcr-infobox.default\">\n\t\t\t\t<div class=\"elementor-widget-container\">\n\t\t\t\t\t<div class=\"tcr-elementor-widgettcr_infobox_wrapper infobox-style-4 tcr-infobox465678412 icon-type-font\">\r\n\t\t\t<div class=\"tcr-infobox-wrapper\">\r\n\t\t\t\t<div class=\"tcr-infobox-icon\"><i aria-hidden=\"true\" class=\"flaticon flaticon-email\"><\/i><\/div>\r\n\t\t\t\t<div class=\"tcr-infobox-content\">\r\n\t\t\t\t\t<h5 class=\"tcr-infobox-title\">\u0415\u043b\u0435\u043a\u0442\u0440\u043e\u043d\u043d\u0430 \u043f\u043e\u0448\u0442\u0430<\/h5>\r\n\t\t\t\t\t\t<div class=\"tcr-infobox-text\">info@majdent.sk\n<\/div>\r\n\t\t\t\t<\/div>\r\n<\/div>\r\n\t\t<\/div>\r\n\t\t\t\t<\/div>\n\t\t\t\t<\/div>\n\t\t\t\t<div class=\"elementor-element elementor-element-5ddc1ac1 elementor-widget elementor-widget-tcr-infobox\" data-id=\"5ddc1ac1\" data-element_type=\"widget\" data-widget_type=\"tcr-infobox.default\">\n\t\t\t\t<div class=\"elementor-widget-container\">\n\t\t\t\t\t<div class=\"tcr-elementor-widgettcr_infobox_wrapper infobox-style-4 tcr-infobox382338221 icon-type-font\">\r\n\t\t\t<div class=\"tcr-infobox-wrapper\">\r\n\t\t\t\t<div class=\"tcr-infobox-icon\"><i aria-hidden=\"true\" class=\"flaticon flaticon-location\"><\/i><\/div>\r\n\t\t\t\t<div class=\"tcr-infobox-content\">\r\n\t\t\t\t\t<h5 class=\"tcr-infobox-title\">\u0410\u0434\u0440\u0435\u0441\u0430<\/h5>\r\n\t\t\t\t\t\t<div class=\"tcr-infobox-text\">\u0420\u0456\u0432\u043d\u0438\u043d\u0430 23\/\u0413\u043e\u0434, 821 06 \u0411\u0440\u0430\u0442\u0438\u0441\u043b\u0430\u0432\u0430<\/div>\r\n\t\t\t\t<\/div>\r\n<\/div>\r\n\t\t<\/div>\r\n\t\t\t\t<\/div>\n\t\t\t\t<\/div>\n\t\t\t\t<div class=\"elementor-element elementor-element-f397c88 elementor-widget elementor-widget-shortcode\" data-id=\"f397c88\" data-element_type=\"widget\" data-widget_type=\"shortcode.default\">\n\t\t\t\t<div class=\"elementor-widget-container\">\n\t\t\t\t\t<div class=\"elementor-shortcode\">\t\t<div class=\"social-info-wrapper\">\r\n\t\t\t<ul class=\"social-info\">\r\n\t\t\t\t\t\t\t\t<li class=\"social-icons\">\r\n\t\t\t\t\t\t<a class=\"social-icon\" target=\"_blank\" href=\"https:\/\/www.facebook.com\/Majdent-Clinic-104869035881524\/\" rel=\"nofollow\"><i class=\"fab fa-facebook-f\"><\/i><\/a>\r\n\t\t\t\t\t<\/li>\r\n\t\t\t\t\t\t\t\t\t\t<li class=\"social-icons\">\r\n\t\t\t\t\t\t<a class=\"social-icon\" target=\"_blank\" href=\"https:\/\/www.instagram.com\/majdentclinic\/\" rel=\"nofollow\"><i class=\"fab fa-instagram\"><\/i><\/a>\r\n\t\t\t\t\t<\/li>\r\n\t\t\t\t\t\t\t\t<\/ul>\r\n\t\t<\/div>\r\n\t\t<\/div>\n\t\t\t\t<\/div>\n\t\t\t\t<\/div>\n\t\t\t\t\t<\/div>\n\t\t<\/div>\n\t\t\t\t<div class=\"elementor-column elementor-col-50 elementor-top-column elementor-element elementor-element-27826e0a tcr-bg-color-transparent\" data-id=\"27826e0a\" data-element_type=\"column\">\n\t\t\t<div class=\"elementor-widget-wrap elementor-element-populated\">\n\t\t\t\t\t\t\t\t<div class=\"elementor-element elementor-element-60ea88a4 elementor-widget elementor-widget-shortcode\" data-id=\"60ea88a4\" data-element_type=\"widget\" data-widget_type=\"shortcode.default\">\n\t\t\t\t<div class=\"elementor-widget-container\">\n\t\t\t\t\t<div class=\"elementor-shortcode\">\n<div class=\"wpcf7 no-js\" id=\"wpcf7-f2007-o1\" lang=\"en-US\" dir=\"ltr\">\n<div class=\"screen-reader-response\"><p role=\"status\" aria-live=\"polite\" aria-atomic=\"true\"><\/p> <ul><\/ul><\/div>\n<form action=\"\/uk\/wp-json\/wp\/v2\/pages\/1990#wpcf7-f2007-o1\" method=\"post\" class=\"wpcf7-form init\" aria-label=\"Contact form\" novalidate=\"novalidate\" data-status=\"init\" data-trp-original-action=\"\/uk\/wp-json\/wp\/v2\/pages\/1990#wpcf7-f2007-o1\">\n<div style=\"display: none;\">\n<input type=\"hidden\" name=\"_wpcf7\" value=\"2007\" \/>\n<input type=\"hidden\" name=\"_wpcf7_version\" value=\"5.7.6\" \/>\n<input type=\"hidden\" name=\"_wpcf7_locale\" value=\"en_US\" \/>\n<input type=\"hidden\" name=\"_wpcf7_unit_tag\" value=\"wpcf7-f2007-o1\" \/>\n<input type=\"hidden\" name=\"_wpcf7_container_post\" value=\"0\" \/>\n<input type=\"hidden\" name=\"_wpcf7_posted_data_hash\" value=\"\" \/>\n<input type=\"hidden\" name=\"_wpcf7_recaptcha_response\" value=\"\" \/>\n<\/div>\n<div class=\"contact-form-2\">\n    <div class=\"row\">\n         <div class=\"col-sm-12\">\n           <h3>\u041a\u043e\u043d\u0442\u0430\u043a\u0442\u043d\u0430 \u0444\u043e\u0440\u043c\u0430<\/h3>\n        <\/div>\n        <div class=\"col-sm-12 col-md-12\">\n           <div class=\"input-group\"><span class=\"wpcf7-form-control-wrap\" data-name=\"first-name\"><input size=\"40\" class=\"wpcf7-form-control wpcf7-text\" aria-invalid=\"false\" placeholder=\"\u0412\u0430\u0448\u0435 \u0456\u043c&#039;\u044f\" value=\"\" type=\"text\" name=\"first-name\" \/><\/span> <\/div>\n        <\/div>\n\t\t<div class=\"col-sm-12 col-md-12\">\n\t\t\t<div class=\"input-group\"><span class=\"wpcf7-form-control-wrap\" data-name=\"second-name\"><input size=\"40\" class=\"wpcf7-form-control wpcf7-text\" aria-invalid=\"false\" placeholder=\"\u0412\u0430\u0448\u0435 \u043f\u0440\u0456\u0437\u0432\u0438\u0449\u0435\" value=\"\" type=\"text\" name=\"second-name\" \/><\/span> <\/div>\n\t\t <\/div>\n<div class=\"col-sm-12 col-md-12\">\n\t\t\t<div class=\"input-group\"><span class=\"wpcf7-form-control-wrap\" data-name=\"tel\"><input size=\"40\" class=\"wpcf7-form-control wpcf7-text wpcf7-validates-as-required\" aria-required=\"true\" aria-invalid=\"false\" placeholder=\"\u0412\u0430\u0448 \u043d\u043e\u043c\u0435\u0440 \u0442\u0435\u043b\u0435\u0444\u043e\u043d\u0443\" value=\"\" type=\"text\" name=\"tel\" \/><\/span> <\/div>\n\t\t <\/div>\n        <div class=\"col-sm-12 col-md-12\">\n           <div class=\"input-group\"><span class=\"wpcf7-form-control-wrap\" data-name=\"email-621\"><input size=\"40\" class=\"wpcf7-form-control wpcf7-text wpcf7-email wpcf7-validates-as-email\" aria-invalid=\"false\" placeholder=\"\u0412\u0430\u0448\u0430 \u0435\u043b\u0435\u043a\u0442\u0440\u043e\u043d\u043d\u0430 \u0430\u0434\u0440\u0435\u0441\u0430\" value=\"\" type=\"email\" name=\"email-621\" \/><\/span><\/div>\n        <\/div>\n        <div class=\"col-sm-12 col-md-12\">\n           <div class=\"input-group\"><span class=\"wpcf7-form-control-wrap\" data-name=\"textarea-693\"><textarea cols=\"40\" rows=\"10\" class=\"wpcf7-form-control wpcf7-textarea\" aria-invalid=\"false\" placeholder=\"\u041f\u043e\u0432\u0456\u0434\u043e\u043c\u0438\u0442\u0438\" name=\"textarea-693\"><\/textarea><\/span><\/div>\n        <\/div>\n        <div class=\"col-sm-12 p-hide\">\n           <div class=\"input-button\"><input class=\"wpcf7-form-control has-spinner wpcf7-submit\" type=\"submit\" value=\"\u0412\u0456\u0434\u043f\u0440\u0430\u0432\u0438\u0442\u0438\" \/><\/div>\n        <\/div>\n     <\/div>\n<\/div><div class=\"wpcf7-response-output\" aria-hidden=\"true\"><\/div>\n<input type=\"hidden\" name=\"trp-form-language\" value=\"uk\"\/><\/form>\n<\/div>\n<\/div>\n\t\t\t\t<\/div>\n\t\t\t\t<\/div>\n\t\t\t\t\t<\/div>\n\t\t<\/div>\n\t\t\t\t\t\t\t<\/div>\n\t\t<\/section>\n\t\t\t\t<section class=\"elementor-section elementor-top-section elementor-element elementor-element-3aa13ef elementor-section-full_width elementor-section-stretched elementor-section-height-default elementor-section-height-default tcr-bg-color-transparent\" data-id=\"3aa13ef\" data-element_type=\"section\" data-settings=\"{&quot;stretch_section&quot;:&quot;section-stretched&quot;}\">\n\t\t\t\t\t\t<div class=\"elementor-container elementor-column-gap-no\">\n\t\t\t\t\t<div class=\"elementor-column elementor-col-100 elementor-top-column elementor-element elementor-element-69816114 tcr-bg-color-transparent\" data-id=\"69816114\" data-element_type=\"column\">\n\t\t\t<div class=\"elementor-widget-wrap elementor-element-populated\">\n\t\t\t\t\t\t\t\t<div class=\"elementor-element elementor-element-37e38fb5 elementor-widget elementor-widget-google_maps\" data-id=\"37e38fb5\" data-element_type=\"widget\" data-widget_type=\"google_maps.default\">\n\t\t\t\t<div class=\"elementor-widget-container\">\n\t\t\t<style>\/*! elementor - v3.12.2 - 23-04-2023 *\/\n.elementor-widget-google_maps .elementor-widget-container{overflow:hidden}.elementor-widget-google_maps .elementor-custom-embed{line-height:0}.elementor-widget-google_maps iframe{height:300px}<\/style>\t\t<div class=\"elementor-custom-embed\">\n\t\t\t<iframe loading=\"lazy\"\n\t\t\t\t\tsrc=\"https:\/\/maps.google.com\/maps?q=Podunajsk%C3%A1%2023%2FH&#038;t=m&#038;z=14&#038;output=embed&#038;iwloc=near\"\n\t\t\t\t\ttitle=\"\u0420\u0456\u0432\u043d\u0438\u043d\u0430 23\/\u0413\u043e\u0434\"\n\t\t\t\t\taria-label=\"\u0420\u0456\u0432\u043d\u0438\u043d\u0430 23\/\u0413\u043e\u0434\"\n\t\t\t><\/iframe>\n\t\t<\/div>\n\t\t\t\t<\/div>\n\t\t\t\t<\/div>\n\t\t\t\t\t<\/div>\n\t\t<\/div>\n\t\t\t\t\t\t\t<\/div>\n\t\t<\/section>\n\t\t\t\t\t\t\t<\/div>","protected":false},"excerpt":{"rendered":"<p>\u0417\u0432'\u044f\u0436\u0456\u0442\u044c\u0441\u044f \u0437 \u043d\u0430\u043c\u0438 \u0422\u0435\u043b\u0435\u0444\u043e\u043d +421 948 166 778 \u0415\u043b\u0435\u043a\u0442\u0440\u043e\u043d\u043d\u0430 \u043f\u043e\u0448\u0442\u0430 info@majdent.sk \u0410\u0434\u0440\u0435\u0441\u0430 Podunajsk\u00e1 23\/H, 821 06 Bratislava<\/p>","protected":false},"author":4,"featured_media":0,"parent":0,"menu_order":0,"comment_status":"closed","ping_status":"closed","template":"","meta":{"footnotes":""},"class_list":["post-1990","page","type-page","status-publish","hentry","without-image"],"yoast_head":"<!-- This site is optimized with the Yoast SEO plugin v21.0 - https:\/\/yoast.com\/wordpress\/plugins\/seo\/ -->\n<title>Kontakt - Majdent.sk<\/title>\n<meta name=\"robots\" content=\"index, follow, max-snippet:-1, max-image-preview:large, max-video-preview:-1\" \/>\n<link rel=\"canonical\" href=\"https:\/\/majdent.sk\/uk\/\u043a\u043e\u043d\u0442\u0430\u043a\u0442\u0438\/\" \/>\n<meta property=\"og:locale\" content=\"uk_UA\" \/>\n<meta property=\"og:type\" content=\"article\" \/>\n<meta property=\"og:title\" content=\"Kontakt - Majdent.sk\" \/>\n<meta property=\"og:description\" content=\"Kontaktujte n\u00e1s Telef\u00f3nne \u010d\u00edslo +421 948 166 778 E-mail info@majdent.sk Adresa Podunajsk\u00e1 23\/H, 821 06 Bratislava\" \/>\n<meta property=\"og:url\" content=\"https:\/\/majdent.sk\/uk\/\u043a\u043e\u043d\u0442\u0430\u043a\u0442\u0438\/\" \/>\n<meta property=\"og:site_name\" content=\"Majdent.sk\" \/>\n<meta property=\"article:modified_time\" content=\"2023-08-12T16:07:33+00:00\" \/>\n<meta name=\"twitter:card\" content=\"summary_large_image\" \/>\n<script type=\"application\/ld+json\" class=\"yoast-schema-graph\">{\"@context\":\"https:\/\/schema.org\",\"@graph\":[{\"@type\":\"WebPage\",\"@id\":\"https:\/\/majdent.sk\/kontakt\/\",\"url\":\"https:\/\/majdent.sk\/kontakt\/\",\"name\":\"Kontakt - Majdent.sk\",\"isPartOf\":{\"@id\":\"https:\/\/majdent.sk\/#website\"},\"datePublished\":\"2023-02-17T04:39:17+00:00\",\"dateModified\":\"2023-08-12T16:07:33+00:00\",\"breadcrumb\":{\"@id\":\"https:\/\/majdent.sk\/kontakt\/#breadcrumb\"},\"inLanguage\":\"uk\",\"potentialAction\":[{\"@type\":\"ReadAction\",\"target\":[\"https:\/\/majdent.sk\/kontakt\/\"]}]},{\"@type\":\"BreadcrumbList\",\"@id\":\"https:\/\/majdent.sk\/kontakt\/#breadcrumb\",\"itemListElement\":[{\"@type\":\"ListItem\",\"position\":1,\"name\":\"Domovsk\u00e1 str\u00e1nka\",\"item\":\"https:\/\/majdent.sk\/\"},{\"@type\":\"ListItem\",\"position\":2,\"name\":\"Kontakt\"}]},{\"@type\":\"WebSite\",\"@id\":\"https:\/\/majdent.sk\/#website\",\"url\":\"https:\/\/majdent.sk\/\",\"name\":\"Majdent.sk\",\"description\":\"\",\"potentialAction\":[{\"@type\":\"SearchAction\",\"target\":{\"@type\":\"EntryPoint\",\"urlTemplate\":\"https:\/\/majdent.sk\/?s={search_term_string}\"},\"query-input\":\"required name=search_term_string\"}],\"inLanguage\":\"uk\"}]}<\/script>\n<!-- \/ Yoast SEO plugin. -->","yoast_head_json":{"title":"Kontakt - Majdent.sk","robots":{"index":"index","follow":"follow","max-snippet":"max-snippet:-1","max-image-preview":"max-image-preview:large","max-video-preview":"max-video-preview:-1"},"canonical":"https:\/\/majdent.sk\/uk\/\u043a\u043e\u043d\u0442\u0430\u043a\u0442\u0438\/","og_locale":"uk_UA","og_type":"article","og_title":"Kontakt - Majdent.sk","og_description":"Kontaktujte n\u00e1s Telef\u00f3nne \u010d\u00edslo +421 948 166 778 E-mail info@majdent.sk Adresa Podunajsk\u00e1 23\/H, 821 06 Bratislava","og_url":"https:\/\/majdent.sk\/uk\/\u043a\u043e\u043d\u0442\u0430\u043a\u0442\u0438\/","og_site_name":"Majdent.sk","article_modified_time":"2023-08-12T16:07:33+00:00","twitter_card":"summary_large_image","schema":{"@context":"https:\/\/schema.org","@graph":[{"@type":"WebPage","@id":"https:\/\/majdent.sk\/kontakt\/","url":"https:\/\/majdent.sk\/kontakt\/","name":"Kontakt - Majdent.sk","isPartOf":{"@id":"https:\/\/majdent.sk\/#website"},"datePublished":"2023-02-17T04:39:17+00:00","dateModified":"2023-08-12T16:07:33+00:00","breadcrumb":{"@id":"https:\/\/majdent.sk\/kontakt\/#breadcrumb"},"inLanguage":"uk","potentialAction":[{"@type":"ReadAction","target":["https:\/\/majdent.sk\/kontakt\/"]}]},{"@type":"BreadcrumbList","@id":"https:\/\/majdent.sk\/kontakt\/#breadcrumb","itemListElement":[{"@type":"ListItem","position":1,"name":"Domovsk\u00e1 str\u00e1nka","item":"https:\/\/majdent.sk\/"},{"@type":"ListItem","position":2,"name":"Kontakt"}]},{"@type":"WebSite","@id":"https:\/\/majdent.sk\/#website","url":"https:\/\/majdent.sk\/","name":"Majdent.sk","description":"","potentialAction":[{"@type":"SearchAction","target":{"@type":"EntryPoint","urlTemplate":"https:\/\/majdent.sk\/?s={search_term_string}"},"query-input":"required name=search_term_string"}],"inLanguage":"uk"}]}},"_links":{"self":[{"href":"https:\/\/majdent.sk\/uk\/wp-json\/wp\/v2\/pages\/1990","targetHints":{"allow":["GET"]}}],"collection":[{"href":"https:\/\/majdent.sk\/uk\/wp-json\/wp\/v2\/pages"}],"about":[{"href":"https:\/\/majdent.sk\/uk\/wp-json\/wp\/v2\/types\/page"}],"author":[{"embeddable":true,"href":"https:\/\/majdent.sk\/uk\/wp-json\/wp\/v2\/users\/4"}],"replies":[{"embeddable":true,"href":"https:\/\/majdent.sk\/uk\/wp-json\/wp\/v2\/comments?post=1990"}],"version-history":[{"count":7,"href":"https:\/\/majdent.sk\/uk\/wp-json\/wp\/v2\/pages\/1990\/revisions"}],"predecessor-version":[{"id":5725,"href":"https:\/\/majdent.sk\/uk\/wp-json\/wp\/v2\/pages\/1990\/revisions\/5725"}],"wp:attachment":[{"href":"https:\/\/majdent.sk\/uk\/wp-json\/wp\/v2\/media?parent=1990"}],"curies":[{"name":"wp","href":"https:\/\/api.w.org\/{rel}","templated":true}]}}