	{"id":6036,"date":"2023-08-23T10:36:12","date_gmt":"2023-08-23T08:36:12","guid":{"rendered":"https:\/\/majdent.sk\/?page_id=6036"},"modified":"2023-08-23T10:37:27","modified_gmt":"2023-08-23T08:37:27","slug":"%d0%b1%d1%80%d0%be%d0%bd%d1%8e%d0%b2%d0%b0%d0%bd%d0%bd%d1%8f","status":"publish","type":"page","link":"https:\/\/majdent.sk\/uk\/%d0%b1%d1%80%d0%be%d0%bd%d1%8e%d0%b2%d0%b0%d0%bd%d0%bd%d1%8f\/","title":{"rendered":"\u041f\u043e\u0440\u0456\u0432\u043d\u044f\u0442\u0438"},"content":{"rendered":"<div data-elementor-type=\"wp-page\" data-elementor-id=\"6036\" class=\"elementor elementor-6036\">\n\t\t\t\t\t\t\t\t\t<section class=\"elementor-section elementor-top-section elementor-element elementor-element-6290c2cf elementor-section-boxed elementor-section-height-default elementor-section-height-default tcr-bg-color-transparent\" data-id=\"6290c2cf\" data-element_type=\"section\">\n\t\t\t\t\t\t<div class=\"elementor-container elementor-column-gap-default\">\n\t\t\t\t\t<div class=\"elementor-column elementor-col-100 elementor-top-column elementor-element elementor-element-27826e0a tcr-bg-color-transparent\" data-id=\"27826e0a\" data-element_type=\"column\">\n\t\t\t<div class=\"elementor-widget-wrap elementor-element-populated\">\n\t\t\t\t\t\t\t\t<div class=\"elementor-element elementor-element-60ea88a4 elementor-widget elementor-widget-shortcode\" data-id=\"60ea88a4\" data-element_type=\"widget\" data-widget_type=\"shortcode.default\">\n\t\t\t\t<div class=\"elementor-widget-container\">\n\t\t\t\t\t<div class=\"elementor-shortcode\">\n<div class=\"wpcf7 no-js\" id=\"wpcf7-f6037-o1\" lang=\"en-US\" dir=\"ltr\">\n<div class=\"screen-reader-response\"><p role=\"status\" aria-live=\"polite\" aria-atomic=\"true\"><\/p> <ul><\/ul><\/div>\n<form action=\"\/uk\/wp-json\/wp\/v2\/pages\/6036#wpcf7-f6037-o1\" method=\"post\" class=\"wpcf7-form init\" aria-label=\"Contact form\" novalidate=\"novalidate\" data-status=\"init\" data-trp-original-action=\"\/uk\/wp-json\/wp\/v2\/pages\/6036#wpcf7-f6037-o1\">\n<div style=\"display: none;\">\n<input type=\"hidden\" name=\"_wpcf7\" value=\"6037\" \/>\n<input type=\"hidden\" name=\"_wpcf7_version\" value=\"5.7.6\" \/>\n<input type=\"hidden\" name=\"_wpcf7_locale\" value=\"en_US\" \/>\n<input type=\"hidden\" name=\"_wpcf7_unit_tag\" value=\"wpcf7-f6037-o1\" \/>\n<input type=\"hidden\" name=\"_wpcf7_container_post\" value=\"0\" \/>\n<input type=\"hidden\" name=\"_wpcf7_posted_data_hash\" value=\"\" \/>\n<input type=\"hidden\" name=\"_wpcf7_recaptcha_response\" value=\"\" \/>\n<\/div>\n<div class=\"contact-form-2\">\n    <div class=\"row\">\n         <div class=\"col-sm-12\">\n           <h3>\u041d\u0435\u043e\u0431\u044f\u0437\u044b\u0432\u0430\u044e\u0449\u0430\u044f \u0437\u0430\u0441\u0442\u0435\u0440\u0435\u0436\u0435\u043d\u043d\u044f<\/h3>\n        <\/div>\n        <div class=\"col-sm-6\">\n           <div class=\"input-group\"><span class=\"wpcf7-form-control-wrap\" data-name=\"first-name\"><input size=\"40\" class=\"wpcf7-form-control wpcf7-text wpcf7-validates-as-required\" aria-required=\"true\" aria-invalid=\"false\" placeholder=\"\u0412\u0430\u0448\u0435 \u0456\u043c&#039;\u044f\" value=\"\" type=\"text\" name=\"first-name\" \/><\/span> <\/div>\n        <\/div>\n\t\t<div class=\"col-sm-6\">\n\t\t\t<div class=\"input-group\"><span class=\"wpcf7-form-control-wrap\" data-name=\"second-name\"><input size=\"40\" class=\"wpcf7-form-control wpcf7-text wpcf7-validates-as-required\" aria-required=\"true\" aria-invalid=\"false\" placeholder=\"\u0412\u0430\u0448\u0435 \u043f\u0440\u0456\u0437\u0432\u0438\u0449\u0435\" value=\"\" type=\"text\" name=\"second-name\" \/><\/span> <\/div>\n\t\t <\/div>\n<div class=\"col-sm-6\">\n\t\t\t<div class=\"input-group\"><span class=\"wpcf7-form-control-wrap\" data-name=\"tel\"><input size=\"40\" class=\"wpcf7-form-control wpcf7-text wpcf7-validates-as-required\" aria-required=\"true\" aria-invalid=\"false\" placeholder=\"\u0412\u0430\u0448 \u043d\u043e\u043c\u0435\u0440 \u0442\u0435\u043b\u0435\u0444\u043e\u043d\u0443\" value=\"\" type=\"text\" name=\"tel\" \/><\/span> <\/div>\n\t\t <\/div>\n<div class=\"col-sm-6\">\n           <div class=\"input-group\"><span class=\"wpcf7-form-control-wrap\" data-name=\"email-621\"><input size=\"40\" class=\"wpcf7-form-control wpcf7-text wpcf7-email wpcf7-validates-as-email\" aria-invalid=\"false\" placeholder=\"\u0412\u0430\u0448\u0430 \u0435\u043b\u0435\u043a\u0442\u0440\u043e\u043d\u043d\u0430 \u0430\u0434\u0440\u0435\u0441\u0430\" value=\"\" type=\"email\" name=\"email-621\" \/><\/span><\/div>\n        <\/div>\n<div class=\"col-sm-12 col-md-12\">\n\t\t\t<div class=\"input-group\"> \n<span class=\"wpcf7-form-control-wrap\" data-name=\"sluzba\"><select class=\"wpcf7-form-control wpcf7-select\" aria-invalid=\"false\" name=\"sluzba\"><option value=\"Slu\u017eba\">\u041e\u0431\u0441\u043b\u0443\u0433\u043e\u0432\u0443\u0432\u0430\u043d\u043d\u044f<\/option><option value=\"Vstupn\u00e9 vy\u0161etrenie\">\u0412\u0441\u0442\u0443\u043f\u043d\u0438\u0439 \u0456\u0441\u043f\u0438\u0442<\/option><option value=\"Prevent\u00edvna prehliadka\">\u041f\u0440\u043e\u0444\u0456\u043b\u0430\u043a\u0442\u0438\u0447\u043d\u0438\u0439 \u0442\u0443\u0440<\/option><option value=\"Dent\u00e1lna hygiena\">\u0413\u0456\u0433\u0456\u0454\u043d\u0430 \u043f\u043e\u0440\u043e\u0436\u043d\u0438\u043d\u0438 \u0440\u043e\u0442\u0430<\/option><option value=\"Bielenie zubov\">\u0412\u0456\u0434\u0431\u0456\u043b\u044e\u0432\u0430\u043d\u043d\u044f \u0437\u0443\u0431\u0456\u0432<\/option><option value=\"Implantol\u00f3gia\">\u0406\u043c\u043f\u043b\u0430\u043d\u0442\u043e\u043b\u043e\u0433\u0456\u044f<\/option><option value=\"Protetick\u00e1 stomatol\u00f3gia\">\u041f\u0440\u043e\u0442\u0435\u0442\u0438\u0447\u0435\u0441\u043a\u0430\u044f \u0441\u0442\u043e\u043c\u0430\u0442\u043e\u043b\u043e\u0433\u0456\u044f<\/option><option value=\"Z\u00e1chovn\u00e1 stomatol\u00f3gia\">\u0417\u0430\u0445\u043e\u0432\u043d\u0430 , \u0441\u0442\u043e\u043c\u0430\u0442\u043e\u043b\u043e\u0433\u0456\u044f<\/option><option value=\"R\u00f6ntgenologick\u00e9 vy\u0161etrenia\">\u0420\u0435\u043d\u0442\u0433\u0435\u043d\u043e\u043b\u043e\u0433\u0456\u0447\u043d\u0435 \u043e\u0431\u0441\u0442\u0435\u0436\u0435\u043d\u043d\u044f<\/option><\/select><\/span>\n<\/div>\n\t\t <\/div>\n        \n        <div class=\"col-sm-12 col-md-12\">\n           <div class=\"input-group\"><span class=\"wpcf7-form-control-wrap\" data-name=\"textarea-693\"><textarea cols=\"40\" rows=\"10\" class=\"wpcf7-form-control wpcf7-textarea\" aria-invalid=\"false\" placeholder=\"\u041f\u043e\u0432\u0456\u0434\u043e\u043c\u0438\u0442\u0438\" name=\"textarea-693\"><\/textarea><\/span><\/div>\n        <\/div>\n\n<div class=\"col-sm-12\">\n<span class=\"wpcf7-form-control-wrap\" data-name=\"oou\"><span class=\"wpcf7-form-control wpcf7-acceptance\"><span class=\"wpcf7-list-item\"><label><input type=\"checkbox\" name=\"oou\" value=\"1\" aria-invalid=\"false\" \/><span class=\"wpcf7-list-item-label\">\u042f \u0437\u0433\u043e\u0434\u0435\u043d \u043d\u0430 \u043e\u0431\u0440\u043e\u0431\u043a\u0443 \u043f\u0435\u0440\u0441\u043e\u043d\u0430\u043b\u044c\u043d\u0438\u0445 \u0434\u0430\u043d\u0438\u0445<\/span><\/label><\/span><\/span><\/span>\n<\/div>\n        <div class=\"col-sm-12 p-hide\">\n           <div class=\"input-button\"><input class=\"wpcf7-form-control has-spinner wpcf7-submit\" type=\"submit\" value=\"\u0412\u0456\u0434\u043f\u0440\u0430\u0432\u0438\u0442\u0438\" \/><\/div>\n        <\/div>\n     <\/div>\n<\/div><div class=\"wpcf7-response-output\" aria-hidden=\"true\"><\/div>\n<input type=\"hidden\" name=\"trp-form-language\" value=\"uk\"\/><\/form>\n<\/div>\n<\/div>\n\t\t\t\t<\/div>\n\t\t\t\t<\/div>\n\t\t\t\t\t<\/div>\n\t\t<\/div>\n\t\t\t\t\t\t\t<\/div>\n\t\t<\/section>\n\t\t\t\t\t\t\t<\/div>","protected":false},"excerpt":{"rendered":"","protected":false},"author":4,"featured_media":0,"parent":0,"menu_order":0,"comment_status":"closed","ping_status":"closed","template":"","meta":{"footnotes":""},"class_list":["post-6036","page","type-page","status-publish","hentry","without-image"],"yoast_head":"<!-- This site is optimized with the Yoast SEO plugin v21.0 - https:\/\/yoast.com\/wordpress\/plugins\/seo\/ -->\n<title>Rezerv\u00e1cia - Majdent.sk<\/title>\n<meta name=\"robots\" content=\"index, follow, max-snippet:-1, max-image-preview:large, max-video-preview:-1\" \/>\n<link rel=\"canonical\" href=\"https:\/\/majdent.sk\/uk\/\u0431\u0440\u043e\u043d\u044e\u0432\u0430\u043d\u043d\u044f\/\" \/>\n<meta property=\"og:locale\" content=\"uk_UA\" \/>\n<meta property=\"og:type\" content=\"article\" \/>\n<meta property=\"og:title\" content=\"Rezerv\u00e1cia - Majdent.sk\" \/>\n<meta property=\"og:url\" content=\"https:\/\/majdent.sk\/uk\/\u0431\u0440\u043e\u043d\u044e\u0432\u0430\u043d\u043d\u044f\/\" \/>\n<meta property=\"og:site_name\" content=\"Majdent.sk\" \/>\n<meta property=\"article:modified_time\" content=\"2023-08-23T08:37:27+00:00\" \/>\n<meta name=\"twitter:card\" content=\"summary_large_image\" \/>\n<script type=\"application\/ld+json\" class=\"yoast-schema-graph\">{\"@context\":\"https:\/\/schema.org\",\"@graph\":[{\"@type\":\"WebPage\",\"@id\":\"https:\/\/majdent.sk\/rezervacia\/\",\"url\":\"https:\/\/majdent.sk\/rezervacia\/\",\"name\":\"Rezerv\u00e1cia - Majdent.sk\",\"isPartOf\":{\"@id\":\"https:\/\/majdent.sk\/#website\"},\"datePublished\":\"2023-08-23T08:36:12+00:00\",\"dateModified\":\"2023-08-23T08:37:27+00:00\",\"breadcrumb\":{\"@id\":\"https:\/\/majdent.sk\/rezervacia\/#breadcrumb\"},\"inLanguage\":\"uk\",\"potentialAction\":[{\"@type\":\"ReadAction\",\"target\":[\"https:\/\/majdent.sk\/rezervacia\/\"]}]},{\"@type\":\"BreadcrumbList\",\"@id\":\"https:\/\/majdent.sk\/rezervacia\/#breadcrumb\",\"itemListElement\":[{\"@type\":\"ListItem\",\"position\":1,\"name\":\"Domovsk\u00e1 str\u00e1nka\",\"item\":\"https:\/\/majdent.sk\/\"},{\"@type\":\"ListItem\",\"position\":2,\"name\":\"Rezerv\u00e1cia\"}]},{\"@type\":\"WebSite\",\"@id\":\"https:\/\/majdent.sk\/#website\",\"url\":\"https:\/\/majdent.sk\/\",\"name\":\"Majdent.sk\",\"description\":\"\",\"potentialAction\":[{\"@type\":\"SearchAction\",\"target\":{\"@type\":\"EntryPoint\",\"urlTemplate\":\"https:\/\/majdent.sk\/?s={search_term_string}\"},\"query-input\":\"required name=search_term_string\"}],\"inLanguage\":\"uk\"}]}<\/script>\n<!-- \/ Yoast SEO plugin. -->","yoast_head_json":{"title":"Rezerv\u00e1cia - Majdent.sk","robots":{"index":"index","follow":"follow","max-snippet":"max-snippet:-1","max-image-preview":"max-image-preview:large","max-video-preview":"max-video-preview:-1"},"canonical":"https:\/\/majdent.sk\/uk\/\u0431\u0440\u043e\u043d\u044e\u0432\u0430\u043d\u043d\u044f\/","og_locale":"uk_UA","og_type":"article","og_title":"Rezerv\u00e1cia - Majdent.sk","og_url":"https:\/\/majdent.sk\/uk\/\u0431\u0440\u043e\u043d\u044e\u0432\u0430\u043d\u043d\u044f\/","og_site_name":"Majdent.sk","article_modified_time":"2023-08-23T08:37:27+00:00","twitter_card":"summary_large_image","schema":{"@context":"https:\/\/schema.org","@graph":[{"@type":"WebPage","@id":"https:\/\/majdent.sk\/rezervacia\/","url":"https:\/\/majdent.sk\/rezervacia\/","name":"Rezerv\u00e1cia - Majdent.sk","isPartOf":{"@id":"https:\/\/majdent.sk\/#website"},"datePublished":"2023-08-23T08:36:12+00:00","dateModified":"2023-08-23T08:37:27+00:00","breadcrumb":{"@id":"https:\/\/majdent.sk\/rezervacia\/#breadcrumb"},"inLanguage":"uk","potentialAction":[{"@type":"ReadAction","target":["https:\/\/majdent.sk\/rezervacia\/"]}]},{"@type":"BreadcrumbList","@id":"https:\/\/majdent.sk\/rezervacia\/#breadcrumb","itemListElement":[{"@type":"ListItem","position":1,"name":"Domovsk\u00e1 str\u00e1nka","item":"https:\/\/majdent.sk\/"},{"@type":"ListItem","position":2,"name":"Rezerv\u00e1cia"}]},{"@type":"WebSite","@id":"https:\/\/majdent.sk\/#website","url":"https:\/\/majdent.sk\/","name":"Majdent.sk","description":"","potentialAction":[{"@type":"SearchAction","target":{"@type":"EntryPoint","urlTemplate":"https:\/\/majdent.sk\/?s={search_term_string}"},"query-input":"required name=search_term_string"}],"inLanguage":"uk"}]}},"_links":{"self":[{"href":"https:\/\/majdent.sk\/uk\/wp-json\/wp\/v2\/pages\/6036","targetHints":{"allow":["GET"]}}],"collection":[{"href":"https:\/\/majdent.sk\/uk\/wp-json\/wp\/v2\/pages"}],"about":[{"href":"https:\/\/majdent.sk\/uk\/wp-json\/wp\/v2\/types\/page"}],"author":[{"embeddable":true,"href":"https:\/\/majdent.sk\/uk\/wp-json\/wp\/v2\/users\/4"}],"replies":[{"embeddable":true,"href":"https:\/\/majdent.sk\/uk\/wp-json\/wp\/v2\/comments?post=6036"}],"version-history":[{"count":7,"href":"https:\/\/majdent.sk\/uk\/wp-json\/wp\/v2\/pages\/6036\/revisions"}],"predecessor-version":[{"id":6044,"href":"https:\/\/majdent.sk\/uk\/wp-json\/wp\/v2\/pages\/6036\/revisions\/6044"}],"wp:attachment":[{"href":"https:\/\/majdent.sk\/uk\/wp-json\/wp\/v2\/media?parent=6036"}],"curies":[{"name":"wp","href":"https:\/\/api.w.org\/{rel}","templated":true}]}}