	{"id":6448,"date":"2025-07-09T10:37:59","date_gmt":"2025-07-09T08:37:59","guid":{"rendered":"https:\/\/majdent.sk\/?page_id=6448"},"modified":"2025-07-26T12:45:37","modified_gmt":"2025-07-26T10:45:37","slug":"%d0%bd%d0%b0%d1%88%d0%b0-%d0%ba%d0%be%d0%bc%d0%b0%d0%bd%d0%b4%d0%b0","status":"publish","type":"page","link":"https:\/\/majdent.sk\/uk\/%d0%bd%d0%b0%d1%88%d0%b0-%d0%ba%d0%be%d0%bc%d0%b0%d0%bd%d0%b4%d0%b0\/","title":{"rendered":"\u041d\u0430\u0448\u0430 \u043a\u043e\u043c\u0430\u043d\u0434\u0430"},"content":{"rendered":"<div data-elementor-type=\"wp-page\" data-elementor-id=\"6448\" class=\"elementor elementor-6448\">\n\t\t\t\t\t\t\t\t\t<section class=\"elementor-section elementor-top-section elementor-element elementor-element-b431b8d elementor-section-boxed elementor-section-height-default elementor-section-height-default tcr-bg-color-transparent\" data-id=\"b431b8d\" data-element_type=\"section\">\n\t\t\t\t\t\t<div class=\"elementor-container elementor-column-gap-default\">\n\t\t\t\t\t<div class=\"elementor-column elementor-col-100 elementor-top-column elementor-element elementor-element-2ca0cbb tcr-bg-color-transparent\" data-id=\"2ca0cbb\" data-element_type=\"column\">\n\t\t\t<div class=\"elementor-widget-wrap elementor-element-populated\">\n\t\t\t\t\t\t\t\t<div class=\"elementor-element elementor-element-6553c5f elementor-hidden-desktop elementor-hidden-tablet elementor-hidden-mobile elementor-widget elementor-widget-tcr-custom-heading\" data-id=\"6553c5f\" data-element_type=\"widget\" data-widget_type=\"tcr-custom-heading.default\">\n\t\t\t\t<div class=\"elementor-widget-container\">\n\t\t\t\t\t<div class=\"tcr_custom_heading_wrapper tcr-custom-heading75697576 custom-heading-style-1 heading-alignment-center\">\r\n\t\t\t<div class=\"tcr-custom-heading-wrapper\">\r\n\t\t\t<div class=\"tcr-heading-subtitle-wrapper\">\r\n\t\t\t<h3 class=\"heading-subtitle subtitle-text-uppercase\">\r\n\t\t\t\t\u041b\u0456\u043a\u0430\u0440\u0456\t\t\t<\/h3>\r\n\t\t<\/div>\r\n\t\t\t\t<div class=\"tcr-heading-title-wrapper\">\r\n\t\t\t<h3 class=\"heading-title title-text-default\">\r\n\t\t\t\t\u041d\u0430\u0448\u0430 \u043a\u043e\u043c\u0430\u043d\u0434\u0430 \u0441\u0442\u043e\u043c\u0430\u0442\u043e\u043b\u043e\u0433\u0456\u0432\t\t\t<\/h3>\r\n\t\t<\/div>\r\n\t\t<\/div>\r\n\t\t<\/div>\r\n\t\t\t\t<\/div>\n\t\t\t\t<\/div>\n\t\t\t\t<div class=\"elementor-element elementor-element-d5dee72 elementor-widget elementor-widget-image\" data-id=\"d5dee72\" data-element_type=\"widget\" data-widget_type=\"image.default\">\n\t\t\t\t<div class=\"elementor-widget-container\">\n\t\t\t<style>\/*! elementor - v3.12.2 - 23-04-2023 *\/\n.elementor-widget-image{text-align:center}.elementor-widget-image a{display:inline-block}.elementor-widget-image a img[src$=\".svg\"]{width:48px}.elementor-widget-image img{vertical-align:middle;display:inline-block}<\/style>\t\t\t\t\t\t\t\t\t\t\t\t<img loading=\"lazy\" decoding=\"async\" width=\"2560\" height=\"1707\" src=\"https:\/\/majdent.sk\/wp-content\/uploads\/2025\/07\/Nikolette_photography-02523-scaled.webp\" class=\"attachment-full size-full wp-image-6562\" alt=\"\" srcset=\"https:\/\/majdent.sk\/wp-content\/uploads\/2025\/07\/Nikolette_photography-02523-scaled.webp 2560w, https:\/\/majdent.sk\/wp-content\/uploads\/2025\/07\/Nikolette_photography-02523-300x200.webp 300w, https:\/\/majdent.sk\/wp-content\/uploads\/2025\/07\/Nikolette_photography-02523-1024x683.webp 1024w, https:\/\/majdent.sk\/wp-content\/uploads\/2025\/07\/Nikolette_photography-02523-768x512.webp 768w, https:\/\/majdent.sk\/wp-content\/uploads\/2025\/07\/Nikolette_photography-02523-1536x1024.webp 1536w, https:\/\/majdent.sk\/wp-content\/uploads\/2025\/07\/Nikolette_photography-02523-2048x1365.webp 2048w, https:\/\/majdent.sk\/wp-content\/uploads\/2025\/07\/Nikolette_photography-02523-18x12.webp 18w\" sizes=\"auto, (max-width: 2560px) 100vw, 2560px\" \/>\t\t\t\t\t\t\t\t\t\t\t\t\t\t\t<\/div>\n\t\t\t\t<\/div>\n\t\t\t\t<div class=\"elementor-element elementor-element-a384d5d elementor-widget elementor-widget-tcr-team\" data-id=\"a384d5d\" data-element_type=\"widget\" data-widget_type=\"tcr-team.default\">\n\t\t\t\t<div class=\"elementor-widget-container\">\n\t\t\t\t\t<div class=\"tcr_team_wrapper tcr-team-717592344 team-style-1 team-layout-grid\">\r\n\t\t\t<div class=\"row\">\r\n\t\t\t<div class=\"col-xl-4 col-lg-4 col-md-6 col-sm-12\">\r\n\t\t\t<div class=\"tcr-teammember-slide\">\n\t<div class=\"tcr-teammember-wrapper\">\t\t\t\t\n\t\t\t\t<div class=\"tcr-teammember-image-container\">\n\t\t\t\t\t\t\t<img decoding=\"async\" class=\"teammember-image\" src=\"https:\/\/majdent.sk\/wp-content\/uploads\/2023\/08\/Untitled-1.png\" alt=\"\u0414\u043e\u043a\u0442\u043e\u0440 \u0414\u0435\u043d\u0438\u0441 \u041e\u0440\u043b\u043e\u0432\">\n\t\t\t\t\t\t\n\t\t<\/div>\n\t\t<div class=\"tcr-teammember-content-cover\">\n\t\t\t\t\t\t<div class=\"tcr-teammember-inner\">\n\t\t\t\t<div class=\"tcr-teammember-title\">\n\t\t\t\t\t<a href=\"https:\/\/majdent.sk\/uk\/team\/dr-denys-orlov\/\" class=\"teammember-title-link\">\u0414\u043e\u043a\u0442\u043e\u0440 \u0414\u0435\u043d\u0438\u0441 \u041e\u0440\u043b\u043e\u0432<\/a>\n\t\t\t\t<\/div>\n\t\t\t\t<div class=\"tcr-teammember-designation\">\n\t\t\t\t\t\t\t\t\t\t\t<h5 class=\"tcr-teammember-designation\">\u0421\u0442\u043e\u043c\u0430\u0442\u043e\u043b\u043e\u0433<\/h5>\n\t\t\t\t\t\t\t\t\t\t<\/div>\n\t\t\t\t<div class=\"tcr-teammember-description\">\n\t\t\t\t\t\t\t\t\t<\/div>\n\t\t\t<\/div>\n\t\t<\/div>\n\t<\/div>\n<\/div>\n\t\t<\/div>\r\n\t\t\t\t<div class=\"col-xl-4 col-lg-4 col-md-6 col-sm-12\">\r\n\t\t\t<div class=\"tcr-teammember-slide\">\n\t<div class=\"tcr-teammember-wrapper\">\t\t\t\t\n\t\t\t\t<div class=\"tcr-teammember-image-container\">\n\t\t\t\t\t\t\t<img decoding=\"async\" class=\"teammember-image\" src=\"https:\/\/majdent.sk\/wp-content\/uploads\/2023\/08\/2.png\" alt=\"\u0414\u043e\u043a\u0442\u043e\u0440 \u041d\u0430\u0442\u0430\u043b\u0456\u044f \u041e\u0440\u043b\u043e\u0432\u0430\">\n\t\t\t\t\t\t\n\t\t<\/div>\n\t\t<div class=\"tcr-teammember-content-cover\">\n\t\t\t\t\t\t<div class=\"tcr-teammember-inner\">\n\t\t\t\t<div class=\"tcr-teammember-title\">\n\t\t\t\t\t<a href=\"https:\/\/majdent.sk\/uk\/team\/dr-natalia-orlova\/\" class=\"teammember-title-link\">\u0414\u043e\u043a\u0442\u043e\u0440 \u041d\u0430\u0442\u0430\u043b\u0456\u044f \u041e\u0440\u043b\u043e\u0432\u0430<\/a>\n\t\t\t\t<\/div>\n\t\t\t\t<div class=\"tcr-teammember-designation\">\n\t\t\t\t\t\t\t\t\t\t\t<h5 class=\"tcr-teammember-designation\">\u0421\u0442\u043e\u043c\u0430\u0442\u043e\u043b\u043e\u0433<\/h5>\n\t\t\t\t\t\t\t\t\t\t<\/div>\n\t\t\t\t<div class=\"tcr-teammember-description\">\n\t\t\t\t\t\t\t\t\t<\/div>\n\t\t\t<\/div>\n\t\t<\/div>\n\t<\/div>\n<\/div>\n\t\t<\/div>\r\n\t\t\t\t<div class=\"col-xl-4 col-lg-4 col-md-6 col-sm-12\">\r\n\t\t\t<div class=\"tcr-teammember-slide\">\n\t<div class=\"tcr-teammember-wrapper\">\t\t\t\t\n\t\t\t\t<div class=\"tcr-teammember-image-container\">\n\t\t\t\t\t\t\t<img decoding=\"async\" class=\"teammember-image\" src=\"https:\/\/majdent.sk\/wp-content\/uploads\/2023\/08\/3.png\" alt=\"MUDr. \u041c\u0438\u0440\u043e\u0441\u043b\u0430\u0432\u0430 \u041c\u0430\u0439\u0434\u0430\u043a\u043e\u0432\u0430\">\n\t\t\t\t\t\t\n\t\t<\/div>\n\t\t<div class=\"tcr-teammember-content-cover\">\n\t\t\t\t\t\t<div class=\"tcr-teammember-inner\">\n\t\t\t\t<div class=\"tcr-teammember-title\">\n\t\t\t\t\t<a href=\"https:\/\/majdent.sk\/uk\/team\/mudr-myroslava-majdakova\/\" class=\"teammember-title-link\">MUDr. \u041c\u0438\u0440\u043e\u0441\u043b\u0430\u0432\u0430 \u041c\u0430\u0439\u0434\u0430\u043a\u043e\u0432\u0430<\/a>\n\t\t\t\t<\/div>\n\t\t\t\t<div class=\"tcr-teammember-designation\">\n\t\t\t\t\t\t\t\t\t\t\t<h5 class=\"tcr-teammember-designation\">\u0421\u0442\u043e\u043c\u0430\u0442\u043e\u043b\u043e\u0433<\/h5>\n\t\t\t\t\t\t\t\t\t\t<\/div>\n\t\t\t\t<div class=\"tcr-teammember-description\">\n\t\t\t\t\t\t\t\t\t<\/div>\n\t\t\t<\/div>\n\t\t<\/div>\n\t<\/div>\n<\/div>\n\t\t<\/div>\r\n\t\t\t\t<div class=\"col-xl-4 col-lg-4 col-md-6 col-sm-12\">\r\n\t\t\t<div class=\"tcr-teammember-slide\">\n\t<div class=\"tcr-teammember-wrapper\">\t\t\t\t\n\t\t\t\t<div class=\"tcr-teammember-image-container\">\n\t\t\t\t\t\t\t<img decoding=\"async\" class=\"teammember-image\" src=\"https:\/\/majdent.sk\/wp-content\/uploads\/2023\/08\/4.png\" alt=\"\u0421\u0432\u0456\u0442\u043b\u0430\u043d\u0430 \u0412\u043e\u0440\u043e\u0445\u0442\u0430\">\n\t\t\t\t\t\t\n\t\t<\/div>\n\t\t<div class=\"tcr-teammember-content-cover\">\n\t\t\t\t\t\t<div class=\"tcr-teammember-inner\">\n\t\t\t\t<div class=\"tcr-teammember-title\">\n\t\t\t\t\t<a href=\"https:\/\/majdent.sk\/uk\/team\/svitlana-vorokhta\/\" class=\"teammember-title-link\">\u0421\u0432\u0456\u0442\u043b\u0430\u043d\u0430 \u0412\u043e\u0440\u043e\u0445\u0442\u0430<\/a>\n\t\t\t\t<\/div>\n\t\t\t\t<div class=\"tcr-teammember-designation\">\n\t\t\t\t\t\t\t\t\t\t\t<h5 class=\"tcr-teammember-designation\">\u0430\u0441\u0438\u0441\u0442\u0435\u043d\u0442 \u0441\u0442\u043e\u043c\u0430\u0442\u043e\u043b\u043e\u0433\u0430<\/h5>\n\t\t\t\t\t\t\t\t\t\t<\/div>\n\t\t\t\t<div class=\"tcr-teammember-description\">\n\t\t\t\t\t\t\t\t\t<\/div>\n\t\t\t<\/div>\n\t\t<\/div>\n\t<\/div>\n<\/div>\n\t\t<\/div>\r\n\t\t\t\t<div class=\"col-xl-4 col-lg-4 col-md-6 col-sm-12\">\r\n\t\t\t<div class=\"tcr-teammember-slide\">\n\t<div class=\"tcr-teammember-wrapper\">\t\t\t\t\n\t\t\t\t<div class=\"tcr-teammember-image-container\">\n\t\t\t\t\t\t\t<img decoding=\"async\" class=\"teammember-image\" src=\"https:\/\/majdent.sk\/wp-content\/uploads\/2023\/08\/5.png\" alt=\"\u0415\u043c\u0430 \u041a\u0443\u0440\u0443\u0446\u043e\u0432\u0430\">\n\t\t\t\t\t\t\n\t\t<\/div>\n\t\t<div class=\"tcr-teammember-content-cover\">\n\t\t\t\t\t\t<div class=\"tcr-teammember-inner\">\n\t\t\t\t<div class=\"tcr-teammember-title\">\n\t\t\t\t\t<a href=\"https:\/\/majdent.sk\/uk\/team\/ema-kurucova\/\" class=\"teammember-title-link\">\u0415\u043c\u0430 \u041a\u0443\u0440\u0443\u0446\u043e\u0432\u0430<\/a>\n\t\t\t\t<\/div>\n\t\t\t\t<div class=\"tcr-teammember-designation\">\n\t\t\t\t\t\t\t\t\t\t\t<h5 class=\"tcr-teammember-designation\">\u0420\u0435\u0454\u0441\u0442\u0440\u0430\u0442\u043e\u0440<\/h5>\n\t\t\t\t\t\t\t\t\t\t<\/div>\n\t\t\t\t<div class=\"tcr-teammember-description\">\n\t\t\t\t\t\t\t\t\t<\/div>\n\t\t\t<\/div>\n\t\t<\/div>\n\t<\/div>\n<\/div>\n\t\t<\/div>\r\n\t\t\t\t<div class=\"col-xl-4 col-lg-4 col-md-6 col-sm-12\">\r\n\t\t\t<div class=\"tcr-teammember-slide\">\n\t<div class=\"tcr-teammember-wrapper\">\t\t\t\t\n\t\t\t\t<div class=\"tcr-teammember-image-container\">\n\t\t\t\t\t\t\t<img decoding=\"async\" class=\"teammember-image\" src=\"https:\/\/majdent.sk\/wp-content\/uploads\/2025\/07\/Nikolette_photography-03007-scaled-e1753526558886.webp\" alt=\"Martina Okkel\">\n\t\t\t\t\t\t\n\t\t<\/div>\n\t\t<div class=\"tcr-teammember-content-cover\">\n\t\t\t\t\t\t<div class=\"tcr-teammember-inner\">\n\t\t\t\t<div class=\"tcr-teammember-title\">\n\t\t\t\t\t<a href=\"https:\/\/majdent.sk\/uk\/team\/martina-okkel\/\" class=\"teammember-title-link\">Martina Okkel<\/a>\n\t\t\t\t<\/div>\n\t\t\t\t<div class=\"tcr-teammember-designation\">\n\t\t\t\t\t\t\t\t\t\t\t<h5 class=\"tcr-teammember-designation\">Zubn\u00e1 techni\u010dka<\/h5>\n\t\t\t\t\t\t\t\t\t\t<\/div>\n\t\t\t\t<div class=\"tcr-teammember-description\">\n\t\t\t\t\t\t\t\t\t<\/div>\n\t\t\t<\/div>\n\t\t<\/div>\n\t<\/div>\n<\/div>\n\t\t<\/div>\r\n\t\t\t\t<div class=\"col-xl-4 col-lg-4 col-md-6 col-sm-12\">\r\n\t\t\t<div class=\"tcr-teammember-slide\">\n\t<div class=\"tcr-teammember-wrapper\">\t\t\t\t\n\t\t\t\t<div class=\"tcr-teammember-image-container\">\n\t\t\t\t\t\t\t<img decoding=\"async\" class=\"teammember-image\" src=\"https:\/\/majdent.sk\/wp-content\/uploads\/2025\/07\/Nikolette_photography-02677-scaled-e1753526661596.webp\" alt=\"Lucia \u0160r\u016ftkov\u00e1\">\n\t\t\t\t\t\t\n\t\t<\/div>\n\t\t<div class=\"tcr-teammember-content-cover\">\n\t\t\t\t\t\t<div class=\"tcr-teammember-inner\">\n\t\t\t\t<div class=\"tcr-teammember-title\">\n\t\t\t\t\t<a href=\"https:\/\/majdent.sk\/uk\/team\/lucia-srutkova\/\" class=\"teammember-title-link\">Lucia \u0160r\u016ftkov\u00e1<\/a>\n\t\t\t\t<\/div>\n\t\t\t\t<div class=\"tcr-teammember-designation\">\n\t\t\t\t\t\t\t\t\t\t\t<h5 class=\"tcr-teammember-designation\">Recep\u010dn\u00e1<\/h5>\n\t\t\t\t\t\t\t\t\t\t<\/div>\n\t\t\t\t<div class=\"tcr-teammember-description\">\n\t\t\t\t\t\t\t\t\t<\/div>\n\t\t\t<\/div>\n\t\t<\/div>\n\t<\/div>\n<\/div>\n\t\t<\/div>\r\n\t\t<\/div>\r\n\t\t<\/div>\r\n\t\t\t\t<\/div>\n\t\t\t\t<\/div>\n\t\t\t\t\t<\/div>\n\t\t<\/div>\n\t\t\t\t\t\t\t<\/div>\n\t\t<\/section>\n\t\t\t\t\t\t\t<\/div>","protected":false},"excerpt":{"rendered":"<p>Doktori N\u00e1\u0161 stomatologick\u00fd t\u00edm Dr. Denys Orlov stomatol\u00f3g Dr. Natalia Orlova stomatol\u00f3g MUDr. Myroslava Majd\u00e1kov\u00e1 stomatol\u00f3g Svitlana Vorokhta zubn\u00fd asistent Ema Kurucov\u00e1 recep\u010dn\u00e1 Martina Okkel Zubn\u00e1 techni\u010dka Lucia \u0160r\u016ftkov\u00e1 Recep\u010dn\u00e1<\/p>","protected":false},"author":4,"featured_media":0,"parent":0,"menu_order":0,"comment_status":"closed","ping_status":"closed","template":"","meta":{"footnotes":""},"class_list":["post-6448","page","type-page","status-publish","hentry"],"yoast_head":"<!-- This site is optimized with the Yoast SEO plugin v21.0 - https:\/\/yoast.com\/wordpress\/plugins\/seo\/ -->\n<title>N\u00e1\u0161 t\u00edm - Majdent.sk<\/title>\n<meta name=\"robots\" content=\"index, follow, max-snippet:-1, max-image-preview:large, max-video-preview:-1\" \/>\n<link rel=\"canonical\" href=\"https:\/\/majdent.sk\/uk\/\u043d\u0430\u0448\u0430-\u043a\u043e\u043c\u0430\u043d\u0434\u0430\/\" \/>\n<meta property=\"og:locale\" content=\"uk_UA\" \/>\n<meta property=\"og:type\" content=\"article\" \/>\n<meta property=\"og:title\" content=\"N\u00e1\u0161 t\u00edm - Majdent.sk\" \/>\n<meta property=\"og:description\" content=\"Doktori N\u00e1\u0161 stomatologick\u00fd t\u00edm Dr. Denys Orlov stomatol\u00f3g Dr. Natalia Orlova stomatol\u00f3g MUDr. Myroslava Majd\u00e1kov\u00e1 stomatol\u00f3g Svitlana Vorokhta zubn\u00fd asistent Ema Kurucov\u00e1 recep\u010dn\u00e1 Martina Okkel Zubn\u00e1 techni\u010dka Lucia \u0160r\u016ftkov\u00e1 Recep\u010dn\u00e1\" \/>\n<meta property=\"og:url\" content=\"https:\/\/majdent.sk\/uk\/\u043d\u0430\u0448\u0430-\u043a\u043e\u043c\u0430\u043d\u0434\u0430\/\" \/>\n<meta property=\"og:site_name\" content=\"Majdent.sk\" \/>\n<meta property=\"article:modified_time\" content=\"2025-07-26T10:45:37+00:00\" \/>\n<meta property=\"og:image\" content=\"https:\/\/majdent.sk\/wp-content\/uploads\/2025\/07\/Nikolette_photography-02523-scaled.webp\" \/>\n<meta name=\"twitter:card\" content=\"summary_large_image\" \/>\n<meta name=\"twitter:label1\" content=\"\u041f\u0440\u0438\u0431\u043b. \u0447\u0430\u0441 \u0447\u0438\u0442\u0430\u043d\u043d\u044f\" \/>\n\t<meta name=\"twitter:data1\" content=\"2 \u0445\u0432\u0438\u043b\u0438\u043d\u0438\" \/>\n<script type=\"application\/ld+json\" class=\"yoast-schema-graph\">{\"@context\":\"https:\/\/schema.org\",\"@graph\":[{\"@type\":\"WebPage\",\"@id\":\"https:\/\/majdent.sk\/nas-tim\/\",\"url\":\"https:\/\/majdent.sk\/nas-tim\/\",\"name\":\"N\u00e1\u0161 t\u00edm - Majdent.sk\",\"isPartOf\":{\"@id\":\"https:\/\/majdent.sk\/#website\"},\"datePublished\":\"2025-07-09T08:37:59+00:00\",\"dateModified\":\"2025-07-26T10:45:37+00:00\",\"breadcrumb\":{\"@id\":\"https:\/\/majdent.sk\/nas-tim\/#breadcrumb\"},\"inLanguage\":\"uk\",\"potentialAction\":[{\"@type\":\"ReadAction\",\"target\":[\"https:\/\/majdent.sk\/nas-tim\/\"]}]},{\"@type\":\"BreadcrumbList\",\"@id\":\"https:\/\/majdent.sk\/nas-tim\/#breadcrumb\",\"itemListElement\":[{\"@type\":\"ListItem\",\"position\":1,\"name\":\"Domovsk\u00e1 str\u00e1nka\",\"item\":\"https:\/\/majdent.sk\/\"},{\"@type\":\"ListItem\",\"position\":2,\"name\":\"N\u00e1\u0161 t\u00edm\"}]},{\"@type\":\"WebSite\",\"@id\":\"https:\/\/majdent.sk\/#website\",\"url\":\"https:\/\/majdent.sk\/\",\"name\":\"Majdent.sk\",\"description\":\"\",\"potentialAction\":[{\"@type\":\"SearchAction\",\"target\":{\"@type\":\"EntryPoint\",\"urlTemplate\":\"https:\/\/majdent.sk\/?s={search_term_string}\"},\"query-input\":\"required name=search_term_string\"}],\"inLanguage\":\"uk\"}]}<\/script>\n<!-- \/ Yoast SEO plugin. -->","yoast_head_json":{"title":"N\u00e1\u0161 t\u00edm - Majdent.sk","robots":{"index":"index","follow":"follow","max-snippet":"max-snippet:-1","max-image-preview":"max-image-preview:large","max-video-preview":"max-video-preview:-1"},"canonical":"https:\/\/majdent.sk\/uk\/\u043d\u0430\u0448\u0430-\u043a\u043e\u043c\u0430\u043d\u0434\u0430\/","og_locale":"uk_UA","og_type":"article","og_title":"N\u00e1\u0161 t\u00edm - Majdent.sk","og_description":"Doktori N\u00e1\u0161 stomatologick\u00fd t\u00edm Dr. Denys Orlov stomatol\u00f3g Dr. Natalia Orlova stomatol\u00f3g MUDr. Myroslava Majd\u00e1kov\u00e1 stomatol\u00f3g Svitlana Vorokhta zubn\u00fd asistent Ema Kurucov\u00e1 recep\u010dn\u00e1 Martina Okkel Zubn\u00e1 techni\u010dka Lucia \u0160r\u016ftkov\u00e1 Recep\u010dn\u00e1","og_url":"https:\/\/majdent.sk\/uk\/\u043d\u0430\u0448\u0430-\u043a\u043e\u043c\u0430\u043d\u0434\u0430\/","og_site_name":"Majdent.sk","article_modified_time":"2025-07-26T10:45:37+00:00","og_image":[{"url":"https:\/\/majdent.sk\/wp-content\/uploads\/2025\/07\/Nikolette_photography-02523-scaled.webp"}],"twitter_card":"summary_large_image","twitter_misc":{"\u041f\u0440\u0438\u0431\u043b. \u0447\u0430\u0441 \u0447\u0438\u0442\u0430\u043d\u043d\u044f":"2 \u0445\u0432\u0438\u043b\u0438\u043d\u0438"},"schema":{"@context":"https:\/\/schema.org","@graph":[{"@type":"WebPage","@id":"https:\/\/majdent.sk\/nas-tim\/","url":"https:\/\/majdent.sk\/nas-tim\/","name":"N\u00e1\u0161 t\u00edm - Majdent.sk","isPartOf":{"@id":"https:\/\/majdent.sk\/#website"},"datePublished":"2025-07-09T08:37:59+00:00","dateModified":"2025-07-26T10:45:37+00:00","breadcrumb":{"@id":"https:\/\/majdent.sk\/nas-tim\/#breadcrumb"},"inLanguage":"uk","potentialAction":[{"@type":"ReadAction","target":["https:\/\/majdent.sk\/nas-tim\/"]}]},{"@type":"BreadcrumbList","@id":"https:\/\/majdent.sk\/nas-tim\/#breadcrumb","itemListElement":[{"@type":"ListItem","position":1,"name":"Domovsk\u00e1 str\u00e1nka","item":"https:\/\/majdent.sk\/"},{"@type":"ListItem","position":2,"name":"N\u00e1\u0161 t\u00edm"}]},{"@type":"WebSite","@id":"https:\/\/majdent.sk\/#website","url":"https:\/\/majdent.sk\/","name":"Majdent.sk","description":"","potentialAction":[{"@type":"SearchAction","target":{"@type":"EntryPoint","urlTemplate":"https:\/\/majdent.sk\/?s={search_term_string}"},"query-input":"required name=search_term_string"}],"inLanguage":"uk"}]}},"_links":{"self":[{"href":"https:\/\/majdent.sk\/uk\/wp-json\/wp\/v2\/pages\/6448","targetHints":{"allow":["GET"]}}],"collection":[{"href":"https:\/\/majdent.sk\/uk\/wp-json\/wp\/v2\/pages"}],"about":[{"href":"https:\/\/majdent.sk\/uk\/wp-json\/wp\/v2\/types\/page"}],"author":[{"embeddable":true,"href":"https:\/\/majdent.sk\/uk\/wp-json\/wp\/v2\/users\/4"}],"replies":[{"embeddable":true,"href":"https:\/\/majdent.sk\/uk\/wp-json\/wp\/v2\/comments?post=6448"}],"version-history":[{"count":22,"href":"https:\/\/majdent.sk\/uk\/wp-json\/wp\/v2\/pages\/6448\/revisions"}],"predecessor-version":[{"id":6576,"href":"https:\/\/majdent.sk\/uk\/wp-json\/wp\/v2\/pages\/6448\/revisions\/6576"}],"wp:attachment":[{"href":"https:\/\/majdent.sk\/uk\/wp-json\/wp\/v2\/media?parent=6448"}],"curies":[{"name":"wp","href":"https:\/\/api.w.org\/{rel}","templated":true}]}}